{"id":5391,"date":"2020-08-19T16:08:38","date_gmt":"2020-08-19T14:08:38","guid":{"rendered":"https:\/\/fdstore.com\/page-daccueil\/"},"modified":"2025-04-09T14:42:52","modified_gmt":"2025-04-09T12:42:52","slug":"page-daccueil","status":"publish","type":"page","link":"https:\/\/fdstore.com\/fr\/","title":{"rendered":"Page d&rsquo;accueil"},"content":{"rendered":"<div class=\"fusion-fullwidth fullwidth-box fusion-builder-row-1 fusion-flex-container has-pattern-background has-mask-background nonhundred-percent-fullwidth non-hundred-percent-height-scrolling\" style=\"--link_hover_color: var(--awb-color5);--awb-border-radius-top-left:0px;--awb-border-radius-top-right:0px;--awb-border-radius-bottom-right:0px;--awb-border-radius-bottom-left:0px;--awb-padding-top:30px;--awb-padding-top-medium:80px;--awb-padding-top-small:36px;--awb-padding-bottom-small:32px;--awb-flex-wrap:wrap;\" ><div class=\"fusion-builder-row fusion-row fusion-flex-align-items-flex-start fusion-flex-justify-content-center fusion-flex-content-wrap\" style=\"max-width:1310.4px;margin-left: calc(-4% \/ 2 );margin-right: calc(-4% \/ 2 );\"><div class=\"fusion-layout-column fusion_builder_column fusion-builder-column-0 fusion_builder_column_3_4 3_4 fusion-flex-column\" style=\"--awb-bg-size:cover;--awb-width-large:75%;--awb-margin-top-large:0px;--awb-spacing-right-large:5.12%;--awb-margin-bottom-large:30px;--awb-spacing-left-large:5.12%;--awb-width-medium:100%;--awb-order-medium:0;--awb-spacing-right-medium:3.84%;--awb-margin-bottom-medium:20px;--awb-spacing-left-medium:3.84%;--awb-width-small:100%;--awb-order-small:0;--awb-spacing-right-small:1.92%;--awb-margin-bottom-small:16px;--awb-spacing-left-small:1.92%;\"><div class=\"fusion-column-wrapper fusion-column-has-shadow fusion-flex-justify-content-flex-start fusion-content-layout-column\"><div class=\"fusion-title title fusion-title-1 fusion-sep-none fusion-title-center fusion-title-text fusion-title-size-two\" style=\"--awb-text-color:var(--awb-custom_color_1);--awb-font-size:48px;\"><h2 class=\"fusion-title-heading title-heading-center\" style=\"font-family:&quot;Manrope&quot;;font-style:normal;font-weight:700;margin:0;font-size:1em;\"><p>Nous avons tout ce dont vous avez besoin<br \/>\n pour votre laiterie ou votre ferme.<\/p><\/h2><\/div><\/div><\/div><div class=\"fusion-layout-column fusion_builder_column fusion-builder-column-1 fusion_builder_column_1_3 1_3 fusion-flex-column\" style=\"--awb-padding-top:36px;--awb-padding-right:40px;--awb-padding-bottom:16px;--awb-padding-left:40px;--awb-overflow:hidden;--awb-bg-size:cover;--awb-border-color:hsla(var(--awb-color1-h),var(--awb-color1-s),calc( var(--awb-color1-l) - 100% ),calc( var(--awb-color1-a) - 95% ));--awb-border-style:solid;--awb-border-radius:8px 8px 8px 8px;--awb-width-large:33.333333333333%;--awb-margin-top-large:0px;--awb-spacing-right-large:20px;--awb-margin-bottom-large:20px;--awb-spacing-left-large:20px;--awb-width-medium:33.333333333333%;--awb-order-medium:0;--awb-spacing-right-medium:10px;--awb-spacing-left-medium:10px;--awb-width-small:100%;--awb-order-small:0;--awb-spacing-right-small:1.92%;--awb-margin-bottom-small:10px;--awb-spacing-left-small:1.92%;\" data-scroll-devices=\"small-visibility,medium-visibility,large-visibility\"><div class=\"fusion-column-wrapper fusion-column-has-shadow fusion-flex-justify-content-flex-start fusion-content-layout-column\"><a class=\"fb-icon-element-1 fb-icon-element fontawesome-icon fa-cogs fas circle-yes fusion-link\" style=\"--awb-circlebordersize:0px;--awb-font-size:42.24px;--awb-width:84.48px;--awb-height:84.48px;--awb-line-height:84.48px;--awb-align-self:center;--awb-margin-top:0px;--awb-margin-right:0px;--awb-margin-bottom:16px;--awb-margin-left:0px;\" href=\"https:\/\/fdstore.com\/macchine-per-lavorare-il-latte\/\" target=\"_self\" aria-label=\"Link to https:\/\/fdstore.com\/macchine-per-lavorare-il-latte\/\"><\/a><div class=\"fusion-title title fusion-title-2 fusion-sep-none fusion-title-center fusion-title-text fusion-title-size-three\" style=\"--awb-font-size:22px;\"><h3 class=\"fusion-title-heading title-heading-center\" style=\"margin:0;font-size:1em;line-height:1.42em;\"><a href=\"https:\/\/fdstore.com\/macchine-per-lavorare-il-latte\/\" class=\"awb-custom-text-color awb-custom-text-hover-color\" target=\"_self\">Machines de traitement du lait<\/a><\/h3><\/div><div class=\"fusion-text fusion-text-1\" style=\"--awb-content-alignment:center;\"><p>Machines automatiques pour le traitement du lait, le conditionnement et le stockage du fromage et des produits laitiers.<\/p>\n<\/div><\/div><\/div><div class=\"fusion-layout-column fusion_builder_column fusion-builder-column-2 fusion_builder_column_1_3 1_3 fusion-flex-column\" style=\"--awb-padding-top:36px;--awb-padding-right:40px;--awb-padding-bottom:16px;--awb-padding-left:40px;--awb-overflow:hidden;--awb-bg-size:cover;--awb-border-color:hsla(var(--awb-color1-h),var(--awb-color1-s),calc( var(--awb-color1-l) - 100% ),calc( var(--awb-color1-a) - 95% ));--awb-border-style:solid;--awb-border-radius:8px 8px 8px 8px;--awb-width-large:33.333333333333%;--awb-margin-top-large:0px;--awb-spacing-right-large:20px;--awb-margin-bottom-large:20px;--awb-spacing-left-large:20px;--awb-width-medium:33.333333333333%;--awb-order-medium:0;--awb-spacing-right-medium:10px;--awb-spacing-left-medium:10px;--awb-width-small:100%;--awb-order-small:0;--awb-spacing-right-small:1.92%;--awb-margin-bottom-small:10px;--awb-spacing-left-small:1.92%;\" data-scroll-devices=\"small-visibility,medium-visibility,large-visibility\"><div class=\"fusion-column-wrapper fusion-column-has-shadow fusion-flex-justify-content-flex-start fusion-content-layout-column\"><a class=\"fb-icon-element-2 fb-icon-element fontawesome-icon fa-cheese fas circle-yes fusion-link\" style=\"--awb-circlebordersize:0px;--awb-font-size:42.24px;--awb-width:84.48px;--awb-height:84.48px;--awb-line-height:84.48px;--awb-align-self:center;--awb-margin-top:0px;--awb-margin-right:0px;--awb-margin-bottom:16px;--awb-margin-left:0px;\" href=\"https:\/\/fdstore.com\/ingredienti-caseari\/\" target=\"_self\" aria-label=\"Link to https:\/\/fdstore.com\/ingredienti-caseari\/\"><\/a><div class=\"fusion-title title fusion-title-3 fusion-sep-none fusion-title-center fusion-title-text fusion-title-size-three\" style=\"--awb-text-color:var(--awb-custom_color_1);--awb-font-size:24px;\"><h3 class=\"fusion-title-heading title-heading-center\" style=\"margin:0;font-size:1em;line-height:1.42em;\"><a href=\"https:\/\/fdstore.com\/ingredienti-caseari\/\" class=\"awb-custom-text-color awb-custom-text-hover-color\" target=\"_self\">Ingr\u00e9dients laitiers<\/a><\/h3><\/div><div class=\"fusion-text fusion-text-2\" style=\"--awb-content-alignment:center;\"><p>Tous les ingr\u00e9dients, produits semi-finis, adjuvants, additifs dont vous pourriez avoir besoin dans un processus laitier.<\/p>\n<\/div><\/div><\/div><div class=\"fusion-layout-column fusion_builder_column fusion-builder-column-3 fusion_builder_column_1_3 1_3 fusion-flex-column\" style=\"--awb-padding-top:36px;--awb-padding-right:40px;--awb-padding-bottom:16px;--awb-padding-left:40px;--awb-overflow:hidden;--awb-bg-size:cover;--awb-border-color:hsla(var(--awb-color1-h),var(--awb-color1-s),calc( var(--awb-color1-l) - 100% ),calc( var(--awb-color1-a) - 95% ));--awb-border-style:solid;--awb-border-radius:8px 8px 8px 8px;--awb-width-large:33.333333333333%;--awb-margin-top-large:0px;--awb-spacing-right-large:20px;--awb-margin-bottom-large:20px;--awb-spacing-left-large:20px;--awb-width-medium:33.333333333333%;--awb-order-medium:0;--awb-spacing-right-medium:10px;--awb-spacing-left-medium:10px;--awb-width-small:100%;--awb-order-small:0;--awb-spacing-right-small:1.92%;--awb-margin-bottom-small:10px;--awb-spacing-left-small:1.92%;\" data-scroll-devices=\"small-visibility,medium-visibility,large-visibility\"><div class=\"fusion-column-wrapper fusion-column-has-shadow fusion-flex-justify-content-flex-start fusion-content-layout-column\"><a class=\"fb-icon-element-3 fb-icon-element fontawesome-icon fa-archive fas circle-yes fusion-link\" style=\"--awb-circlebordersize:0px;--awb-font-size:42.24px;--awb-width:84.48px;--awb-height:84.48px;--awb-line-height:84.48px;--awb-align-self:center;--awb-margin-top:0px;--awb-margin-right:0px;--awb-margin-bottom:16px;--awb-margin-left:0px;\" href=\"https:\/\/fdstore.com\/packaging-alimentare\/\" target=\"_self\" aria-label=\"Link to https:\/\/fdstore.com\/packaging-alimentare\/\"><\/a><div class=\"fusion-title title fusion-title-4 fusion-sep-none fusion-title-center fusion-title-text fusion-title-size-three\" style=\"--awb-text-color:var(--awb-custom_color_1);--awb-font-size:24px;\"><h3 class=\"fusion-title-heading title-heading-center\" style=\"margin:0;font-size:1em;line-height:1.42em;\"><a href=\"https:\/\/fdstore.com\/packaging-alimentare\/\" class=\"awb-custom-text-color awb-custom-text-hover-color\" target=\"_self\">Emballage alimentaire<\/a><\/h3><\/div><div class=\"fusion-text fusion-text-3\" style=\"--awb-content-alignment:center;\"><p>Emballage en papier ou en plastique pour contenir, emballer, prot\u00e9ger et faire durer vos produits laitiers et alimentaires.<\/p>\n<\/div><\/div><\/div><div class=\"fusion-layout-column fusion_builder_column fusion-builder-column-4 fusion_builder_column_1_1 1_1 fusion-flex-column\" style=\"--awb-bg-size:cover;--awb-width-large:100%;--awb-margin-top-large:0px;--awb-spacing-right-large:1.92%;--awb-margin-bottom-large:20px;--awb-spacing-left-large:1.92%;--awb-width-medium:100%;--awb-order-medium:0;--awb-spacing-right-medium:1.92%;--awb-spacing-left-medium:1.92%;--awb-width-small:100%;--awb-order-small:0;--awb-spacing-right-small:1.92%;--awb-spacing-left-small:1.92%;\"><div class=\"fusion-column-wrapper fusion-column-has-shadow fusion-flex-justify-content-flex-start fusion-content-layout-column\"><\/div><\/div><\/div><\/div>\n","protected":false},"excerpt":{"rendered":"","protected":false},"author":1,"featured_media":0,"parent":0,"menu_order":0,"comment_status":"closed","ping_status":"closed","template":"100-width.php","meta":{"footnotes":""},"class_list":["post-5391","page","type-page","status-publish","hentry"],"yoast_head":"<!-- This site is optimized with the Yoast SEO plugin v26.7 - https:\/\/yoast.com\/wordpress\/plugins\/seo\/ -->\n<title>FDstore - machines, ingr\u00e9dients, emballages et \u00e9quipements pour les laiteries<\/title>\n<meta name=\"description\" content=\"Faites tout avec une seule entreprise ! les meilleures machines, des ingr\u00e9dients de haute qualit\u00e9, des emballages pratiques et \u00e9cologiques et tout l&#039;\u00e9quipement pour la transformation du lait dans la laiterie et la ferme.\" \/>\n<meta name=\"robots\" content=\"index, follow, max-snippet:-1, max-image-preview:large, max-video-preview:-1\" \/>\n<link rel=\"canonical\" href=\"https:\/\/fdstore.com\/fr\/\" \/>\n<meta property=\"og:locale\" content=\"fr_FR\" \/>\n<meta property=\"og:type\" content=\"article\" \/>\n<meta property=\"og:title\" content=\"FDstore - machines, ingr\u00e9dients, emballages et \u00e9quipements pour les laiteries\" \/>\n<meta property=\"og:description\" content=\"Faites tout avec une seule entreprise ! les meilleures machines, des ingr\u00e9dients de haute qualit\u00e9, des emballages pratiques et \u00e9cologiques et tout l&#039;\u00e9quipement pour la transformation du lait dans la laiterie et la ferme.\" \/>\n<meta property=\"og:url\" content=\"https:\/\/fdstore.com\/fr\/\" \/>\n<meta property=\"og:site_name\" content=\"FDstore\" \/>\n<meta property=\"article:publisher\" content=\"https:\/\/fb.com\/FDstore\" \/>\n<meta property=\"article:modified_time\" content=\"2025-04-09T12:42:52+00:00\" \/>\n<meta name=\"twitter:card\" content=\"summary_large_image\" \/>\n<script type=\"application\/ld+json\" class=\"yoast-schema-graph\">{\"@context\":\"https:\/\/schema.org\",\"@graph\":[{\"@type\":\"WebPage\",\"@id\":\"https:\/\/fdstore.com\/fr\/\",\"url\":\"https:\/\/fdstore.com\/fr\/\",\"name\":\"FDstore - machines, ingr\u00e9dients, emballages et \u00e9quipements pour les laiteries\",\"isPartOf\":{\"@id\":\"https:\/\/fdstore.com\/fr\/#website\"},\"datePublished\":\"2020-08-19T14:08:38+00:00\",\"dateModified\":\"2025-04-09T12:42:52+00:00\",\"description\":\"Faites tout avec une seule entreprise ! les meilleures machines, des ingr\u00e9dients de haute qualit\u00e9, des emballages pratiques et \u00e9cologiques et tout l'\u00e9quipement pour la transformation du lait dans la laiterie et la ferme.\",\"breadcrumb\":{\"@id\":\"https:\/\/fdstore.com\/fr\/#breadcrumb\"},\"inLanguage\":\"fr-FR\",\"potentialAction\":[{\"@type\":\"ReadAction\",\"target\":[\"https:\/\/fdstore.com\/fr\/\"]}]},{\"@type\":\"BreadcrumbList\",\"@id\":\"https:\/\/fdstore.com\/fr\/#breadcrumb\",\"itemListElement\":[{\"@type\":\"ListItem\",\"position\":1,\"name\":\"Home\",\"item\":\"https:\/\/fdstore.com\/fr\/\"},{\"@type\":\"ListItem\",\"position\":2,\"name\":\"Page d&#8217;accueil\"}]},{\"@type\":\"WebSite\",\"@id\":\"https:\/\/fdstore.com\/fr\/#website\",\"url\":\"https:\/\/fdstore.com\/fr\/\",\"name\":\"FDstore\",\"description\":\"Macchinari, ingredienti e packaging per il mondo lattiero caseario\",\"publisher\":{\"@id\":\"https:\/\/fdstore.com\/fr\/#organization\"},\"potentialAction\":[{\"@type\":\"SearchAction\",\"target\":{\"@type\":\"EntryPoint\",\"urlTemplate\":\"https:\/\/fdstore.com\/fr\/?s={search_term_string}\"},\"query-input\":{\"@type\":\"PropertyValueSpecification\",\"valueRequired\":true,\"valueName\":\"search_term_string\"}}],\"inLanguage\":\"fr-FR\"},{\"@type\":\"Organization\",\"@id\":\"https:\/\/fdstore.com\/fr\/#organization\",\"name\":\"FDstore\",\"url\":\"https:\/\/fdstore.com\/fr\/\",\"logo\":{\"@type\":\"ImageObject\",\"inLanguage\":\"fr-FR\",\"@id\":\"https:\/\/fdstore.com\/fr\/#\/schema\/logo\/image\/\",\"url\":\"https:\/\/fdstore.com\/wp-content\/uploads\/2024\/12\/LOGO_270.png\",\"contentUrl\":\"https:\/\/fdstore.com\/wp-content\/uploads\/2024\/12\/LOGO_270.png\",\"width\":270,\"height\":270,\"caption\":\"FDstore\"},\"image\":{\"@id\":\"https:\/\/fdstore.com\/fr\/#\/schema\/logo\/image\/\"},\"sameAs\":[\"https:\/\/fb.com\/FDstore\",\"https:\/\/instagram.com\/fdstore_it\",\"https:\/\/www.linkedin.com\/company\/fdstore\",\"https:\/\/youtube.com\/FDstore\",\"https:\/\/wa.me\/393346380059\"]}]}<\/script>\n<!-- \/ Yoast SEO plugin. -->","yoast_head_json":{"title":"FDstore - machines, ingr\u00e9dients, emballages et \u00e9quipements pour les laiteries","description":"Faites tout avec une seule entreprise ! les meilleures machines, des ingr\u00e9dients de haute qualit\u00e9, des emballages pratiques et \u00e9cologiques et tout l'\u00e9quipement pour la transformation du lait dans la laiterie et la ferme.","robots":{"index":"index","follow":"follow","max-snippet":"max-snippet:-1","max-image-preview":"max-image-preview:large","max-video-preview":"max-video-preview:-1"},"canonical":"https:\/\/fdstore.com\/fr\/","og_locale":"fr_FR","og_type":"article","og_title":"FDstore - machines, ingr\u00e9dients, emballages et \u00e9quipements pour les laiteries","og_description":"Faites tout avec une seule entreprise ! les meilleures machines, des ingr\u00e9dients de haute qualit\u00e9, des emballages pratiques et \u00e9cologiques et tout l'\u00e9quipement pour la transformation du lait dans la laiterie et la ferme.","og_url":"https:\/\/fdstore.com\/fr\/","og_site_name":"FDstore","article_publisher":"https:\/\/fb.com\/FDstore","article_modified_time":"2025-04-09T12:42:52+00:00","twitter_card":"summary_large_image","schema":{"@context":"https:\/\/schema.org","@graph":[{"@type":"WebPage","@id":"https:\/\/fdstore.com\/fr\/","url":"https:\/\/fdstore.com\/fr\/","name":"FDstore - machines, ingr\u00e9dients, emballages et \u00e9quipements pour les laiteries","isPartOf":{"@id":"https:\/\/fdstore.com\/fr\/#website"},"datePublished":"2020-08-19T14:08:38+00:00","dateModified":"2025-04-09T12:42:52+00:00","description":"Faites tout avec une seule entreprise ! les meilleures machines, des ingr\u00e9dients de haute qualit\u00e9, des emballages pratiques et \u00e9cologiques et tout l'\u00e9quipement pour la transformation du lait dans la laiterie et la ferme.","breadcrumb":{"@id":"https:\/\/fdstore.com\/fr\/#breadcrumb"},"inLanguage":"fr-FR","potentialAction":[{"@type":"ReadAction","target":["https:\/\/fdstore.com\/fr\/"]}]},{"@type":"BreadcrumbList","@id":"https:\/\/fdstore.com\/fr\/#breadcrumb","itemListElement":[{"@type":"ListItem","position":1,"name":"Home","item":"https:\/\/fdstore.com\/fr\/"},{"@type":"ListItem","position":2,"name":"Page d&#8217;accueil"}]},{"@type":"WebSite","@id":"https:\/\/fdstore.com\/fr\/#website","url":"https:\/\/fdstore.com\/fr\/","name":"FDstore","description":"Macchinari, ingredienti e packaging per il mondo lattiero caseario","publisher":{"@id":"https:\/\/fdstore.com\/fr\/#organization"},"potentialAction":[{"@type":"SearchAction","target":{"@type":"EntryPoint","urlTemplate":"https:\/\/fdstore.com\/fr\/?s={search_term_string}"},"query-input":{"@type":"PropertyValueSpecification","valueRequired":true,"valueName":"search_term_string"}}],"inLanguage":"fr-FR"},{"@type":"Organization","@id":"https:\/\/fdstore.com\/fr\/#organization","name":"FDstore","url":"https:\/\/fdstore.com\/fr\/","logo":{"@type":"ImageObject","inLanguage":"fr-FR","@id":"https:\/\/fdstore.com\/fr\/#\/schema\/logo\/image\/","url":"https:\/\/fdstore.com\/wp-content\/uploads\/2024\/12\/LOGO_270.png","contentUrl":"https:\/\/fdstore.com\/wp-content\/uploads\/2024\/12\/LOGO_270.png","width":270,"height":270,"caption":"FDstore"},"image":{"@id":"https:\/\/fdstore.com\/fr\/#\/schema\/logo\/image\/"},"sameAs":["https:\/\/fb.com\/FDstore","https:\/\/instagram.com\/fdstore_it","https:\/\/www.linkedin.com\/company\/fdstore","https:\/\/youtube.com\/FDstore","https:\/\/wa.me\/393346380059"]}]}},"_links":{"self":[{"href":"https:\/\/fdstore.com\/fr\/wp-json\/wp\/v2\/pages\/5391","targetHints":{"allow":["GET"]}}],"collection":[{"href":"https:\/\/fdstore.com\/fr\/wp-json\/wp\/v2\/pages"}],"about":[{"href":"https:\/\/fdstore.com\/fr\/wp-json\/wp\/v2\/types\/page"}],"author":[{"embeddable":true,"href":"https:\/\/fdstore.com\/fr\/wp-json\/wp\/v2\/users\/1"}],"replies":[{"embeddable":true,"href":"https:\/\/fdstore.com\/fr\/wp-json\/wp\/v2\/comments?post=5391"}],"version-history":[{"count":0,"href":"https:\/\/fdstore.com\/fr\/wp-json\/wp\/v2\/pages\/5391\/revisions"}],"wp:attachment":[{"href":"https:\/\/fdstore.com\/fr\/wp-json\/wp\/v2\/media?parent=5391"}],"curies":[{"name":"wp","href":"https:\/\/api.w.org\/{rel}","templated":true}]}}