{"id":5347,"date":"2024-08-28T09:48:29","date_gmt":"2024-08-28T07:48:29","guid":{"rendered":"https:\/\/fdstore.com\/privacy-policy\/"},"modified":"2025-03-07T17:02:18","modified_gmt":"2025-03-07T16:02:18","slug":"privacy-policy","status":"publish","type":"page","link":"https:\/\/fdstore.com\/en\/privacy-policy\/","title":{"rendered":"Privacy Policy"},"content":{"rendered":"<div class=\"fusion-fullwidth fullwidth-box fusion-builder-row-1 fusion-flex-container nonhundred-percent-fullwidth non-hundred-percent-height-scrolling\" style=\"--awb-border-radius-top-left:0px;--awb-border-radius-top-right:0px;--awb-border-radius-bottom-right:0px;--awb-border-radius-bottom-left:0px;--awb-flex-wrap:wrap;\" ><div class=\"fusion-builder-row fusion-row fusion-flex-align-items-flex-start fusion-flex-content-wrap\" style=\"max-width:1310.4px;margin-left: calc(-4% \/ 2 );margin-right: calc(-4% \/ 2 );\"><div class=\"fusion-layout-column fusion_builder_column fusion-builder-column-0 fusion_builder_column_1_1 1_1 fusion-flex-column\" style=\"--awb-bg-size:cover;--awb-width-large:100%;--awb-margin-top-large:0px;--awb-spacing-right-large:1.92%;--awb-margin-bottom-large:0px;--awb-spacing-left-large:1.92%;--awb-width-medium:100%;--awb-spacing-right-medium:1.92%;--awb-spacing-left-medium:1.92%;--awb-width-small:100%;--awb-spacing-right-small:1.92%;--awb-spacing-left-small:1.92%;\"><div class=\"fusion-column-wrapper fusion-flex-justify-content-flex-start fusion-content-layout-column\"><div class=\"fusion-text fusion-text-1\"><p>&#13;<\/p>\n<h2 class=\"wp-block-heading\">PRIVACY POLICY<\/h2>\n<p>&#13;<\/p>\n<h3>Data Controller<\/h3>\n<p>&#13;<\/p>\n<p>Il Titolare del trattamento dei dati di questo sito web \u00e8 FDstore srl &#8211; via Barella 1376 Vignola (MO) &#8211; info@fdstore.com<\/p>\n<p>&#13;<\/p>\n<h3>Object of Data Processing<\/h3>\n<p>&#13;<\/p>\n<p>Il Titolare tratta i dati personali, identificativi (ad esempio, nome, cognome, ragione sociale, indirizzo, telefono, e-mail, riferimenti bancari e di pagamento &#8211; in seguito, &#8220;dati personali&#8221; o anche &#8220;dati&#8221;) da Lei comunicati in occasione della conclusione di contratti per i servizi del Titolare.<\/p>\n<p>&#13;<\/p>\n<h3>Purpose of the Processing<\/h3>\n<p>&#13;<\/p>\n<p>I Suoi dati personali sono trattati senza il Suo consenso espresso (art. 24 lett. a), b), c) Codice Privacy e art. 6 lett. b), e) GDPR), per le seguenti Finalit\u00e0 di Servizio:<br\/>&#8211; concludere i contratti per i servizi del Titolare;<br\/>&#8211; adempiere agli obblighi precontrattuali, contrattuali e fiscali derivanti da rapporti con Lei in essere;<br\/>&#8211; adempiere agli obblighi previsti dalla legge, da un regolamento, dalla normativa comunitaria o da un ordine dell&#8217;Autorit\u00e0 (come ad esempio in materia di antiriciclaggio);<br\/>&#8211; esercitare i diritti del Titolare, ad esempio il diritto di difesa in giudizio.<\/p>\n<p>&#13;<\/p>\n<h3>Treatment Methods<\/h3>\n<p>&#13;<\/p>\n<p>Il trattamento dei Suoi dati personali \u00e8 realizzato per mezzo delle operazioni indicate all&#8217;art. 4 Codice Privacy e all&#8217;art. 4 n. 2) GDPR e precisamente: raccolta, registrazione, organizzazione, conservazione, consultazione, elaborazione, modificazione, selezione, estrazione, raffronto, utilizzo, interconnessione, blocco, comunicazione, cancellazione e distruzione dei dati. I Suoi dati personali sono sottoposti a trattamento sia cartaceo che elettronico e\/o automatizzato. Il Titolare tratter\u00e0 i dati personali per il tempo necessario per adempiere alle finalit\u00e0 di cui sopra e comunque per non oltre 5 anni dalla cessazione del rapporto per le Finalit\u00e0 di Servizio.<\/p>\n<p>&#13;<\/p>\n<h3>Access to Data<\/h3>\n<p>&#13;<\/p>\n<p>I Suoi dati potranno essere resi accessibili per le finalit\u00e0 di cui sopra:<br\/>&#8211; a dipendenti e collaboratori del Titolare, nella loro qualit\u00e0 di incaricati e\/o responsabili interni del trattamento e\/o amministratori di sistema;<br\/>&#8211; a societ\u00e0 terze o altri soggetti (a titolo indicativo, istituti di credito, studi professionali, consulenti, societ\u00e0 di assicurazione per la prestazione di servizi assicurativi, etc.) che svolgono attivit\u00e0 in outsourcing per conto del Titolare, nella loro qualit\u00e0 di responsabili esterni del trattamento.<br\/>Comunicazioni<br\/>Senza la necessit\u00e0 di un espresso consenso (ex art. 24 lett. a), b), d) Codice Privacy e art. 6 lett. b) e c) GDPR), il Titolare potr\u00e0 comunicare i Suoi dati per le finalit\u00e0 di cui sopra a Organismi di vigilanza, Autorit\u00e0 giudiziarie, a societ\u00e0 di assicurazione per la prestazione di servizi assicurativi, nonch\u00e9 a quei soggetti ai quali la comunicazione sia obbligatoria per legge per l&#8217;espletamento delle finalit\u00e0 dette. Detti soggetti tratteranno i dati nella loro qualit\u00e0 di autonomi titolari del trattamento. I Suoi dati non saranno diffusi.<\/p>\n<p>&#13;<\/p>\n<h3>Data Security<\/h3>\n<p>&#13;<\/p>\n<p>I dati vengono custoditi e controllati mediante adozione di idonee misure preventive di sicurezza, volte a ridurre al minimo i rischi di perdita e distruzione, di accesso non autorizzato, di trattamento non consentito e difforme dalle finalit\u00e0 per cui il trattamento viene effettuato. La gestione e la conservazione dei dati personali avverr\u00e0 nel territorio dell&#8217;Unione Europea.<\/p>\n<p>&#13;<\/p>\n<h3>Rights of the interested party<\/h3>\n<p>&#13;<\/p>\n<p>Nella Sua qualit\u00e0 di interessato, ha il diritto di cui all&#8217;art. 15 GDPR e precisamente i diritti di:<br\/>i. ottenere la conferma dell&#8217;esistenza o meno di dati personali che La riguardano, anche se non ancora registrati, e la loro comunicazione in forma intelligibile; ii. ottenere l&#8217;indicazione: a) dell&#8217;origine dei dati personali; b) delle finalit\u00e0 e modalit\u00e0 del trattamento; c) della logica applicata in caso di trattamento effettuato con l&#8217;ausilio di strumenti elettronici; d) degli estremi identificativi del titolare, dei responsabili e del rappresentante designato ai sensi dell&#8217;art. 5, comma 2 Codice Privacy e art. 3, comma 1, GDPR; e) dei soggetti o delle categorie di soggetti ai quali i dati personali possono essere comunicati o che possono venirne a conoscenza in qualit\u00e0 di rappresentante designato nel territorio dello Stato, di responsabili o incaricati; iii. ottenere: a) l&#8217;aggiornamento, la rettifica ovvero l&#8217;integrazione dei dati; b) la cancellazione, la trasformazione in forma anonima o il blocco dei dati trattati in violazione di legge, compresi quelli di cui non \u00e8 necessaria la conservazione in relazione agli scopi per i quali i dati sono stati raccolti o successivamente trattati; c) l&#8217;attestazione che le operazioni di cui alle lettere a) e b) sono state portate a conoscenza, anche per quanto riguarda il loro contenuto, di coloro ai quali i dati sono stati comunicati o diffusi, eccettuato il caso in cui tale adempimento si rivela impossibile o comporta un impiego di mezzi manifestamente sproporzionato rispetto al diritto tutelato; iv. opporsi, in tutto o in parte per motivi legittimi al trattamento dei dati personali che La riguardano, ancorch\u00e9 pertinenti allo scopo della raccolta.<br\/>Ove applicabili, Lei ha altres\u00ec i diritti di cui agli artt. 16-21 GDPR (Diritto di rettifica, diritto all&#8217;oblio, diritto di limitazione di trattamento, diritto alla portabilit\u00e0 dei dati, diritto di opposizione), nonch\u00e9 il diritto di reclamo all&#8217;Autorit\u00e0 Garante.<br\/>Modalit\u00e0 di Esercizio dei Diritti<br\/>Potr\u00e0 in qualsiasi momento esercitare i Suoi diritti di cui sopra inviando una comunicazione:<br\/>1. via e-mail, all&#8217;indirizzo: info@fdstore.com<br\/>2. oppure via posta A.R., a: FDstore Srl &#8211; Via Barella 1376 Vignola (MO)<\/p>\n<p>&#13;<\/p>\n<p>\u00a0<\/p>\n<p>&#13;<\/p>\n<h2>COOKIE POLICY<\/h2>\n<p>&#13;<\/p>\n<h3>What are Cookies?<\/h3>\n<p>&#13;<\/p>\n<p>I cookies sono piccoli files di testo che i siti visitati dall\u2019utente inviano al Suo terminale &#8211; computer, laptop, tablet, smartphone, etc. &#8211; dove vengono memorizzati per essere poi ritrasmessi agli stessi siti in occasione della successiva visita del medesimo utente.<\/p>\n<p>&#13;<\/p>\n<h3>Technical Cookies<\/h3>\n<p>&#13;<\/p>\n<p>Sono i cookie che servono a effettuare la navigazione o fornire un servizio richiesto dall\u2019utente. Non vengono utilizzati per scopi ulteriori e sono normalmente installati direttamente dal titolare del sito web. Senza il ricorso a tali cookie non si pu\u00f2 garantire il corretto funzionamento di tale sito.<\/p>\n<p>&#13;<\/p>\n<h3>Cookie Analytics<\/h3>\n<p>&#13;<\/p>\n<p>I cookie &#8220;analytics&#8221;, pur non essendo cookie tecnici, possono essere loro assimilati se utilizzati a fini di ottimizzazione del sito direttamente dal titolare del sito stesso, che potr\u00e0 raccogliere informazioni in forma aggregata sul numero degli utenti e su come questi visitano il sito. A queste condizioni, per i cookie analytics valgono le stesse regole, in tema di informativa e consenso, previste per i cookie tecnici.<br\/>Il presente sito utilizza il servizio di terze parti &#8220;Google Analytics&#8221; per raccogliere informazioni in forma aggregata sul numero delle visite. Per le informazioni sul trattamento di questi dati fare riferimento a questa Privacy Policy.<\/p>\n<p>&#13;<\/p>\n<h3>Profiling Cookies<\/h3>\n<p>&#13;<\/p>\n<p>Sono i cookie utilizzati per tracciare la navigazione dell\u2019utente in rete e creare profili sui suoi gusti, abitudini, scelte, ecc. Con questi cookie \u00e8 possibile trasmettere al terminale dell\u2019utente dei messaggi in linea con le preferenze gi\u00e0 manifestate con la sua navigazione on line.<br\/>Il presente sito non utilizza alcun cookie di profilazione proprio.<\/p>\n<p>&#13;<\/p>\n<h3>Cookie Management<\/h3>\n<p>&#13;<\/p>\n<p>Se non conosci il tipo e la versione di browser che stai utilizzando puoi cliccare su &#8220;Aiuto\u201d nella finestra del browser in alto, da cui puoi accedere a tutte le informazioni necessarie.<\/p>\n<p>&#13;<\/p>\n<\/div><\/div><\/div><\/div><\/div>","protected":false},"excerpt":{"rendered":"","protected":false},"author":1,"featured_media":0,"parent":0,"menu_order":0,"comment_status":"closed","ping_status":"closed","template":"","meta":{"footnotes":""},"class_list":["post-5347","page","type-page","status-publish","hentry"],"yoast_head":"<!-- This site is optimized with the Yoast SEO plugin v26.7 - https:\/\/yoast.com\/wordpress\/plugins\/seo\/ -->\n<title>Privacy Policy - FDstore<\/title>\n<meta name=\"robots\" content=\"index, follow, max-snippet:-1, max-image-preview:large, max-video-preview:-1\" \/>\n<link rel=\"canonical\" href=\"https:\/\/fdstore.com\/en\/privacy-policy\/\" \/>\n<meta property=\"og:locale\" content=\"en_US\" \/>\n<meta property=\"og:type\" content=\"article\" \/>\n<meta property=\"og:title\" content=\"Privacy Policy - FDstore\" \/>\n<meta property=\"og:url\" content=\"https:\/\/fdstore.com\/en\/privacy-policy\/\" \/>\n<meta property=\"og:site_name\" content=\"FDstore\" \/>\n<meta property=\"article:publisher\" content=\"https:\/\/fb.com\/FDstore\" \/>\n<meta property=\"article:modified_time\" content=\"2025-03-07T16:02:18+00:00\" \/>\n<meta name=\"twitter:card\" content=\"summary_large_image\" \/>\n<script type=\"application\/ld+json\" class=\"yoast-schema-graph\">{\"@context\":\"https:\/\/schema.org\",\"@graph\":[{\"@type\":\"WebPage\",\"@id\":\"https:\/\/fdstore.com\/en\/privacy-policy\/\",\"url\":\"https:\/\/fdstore.com\/en\/privacy-policy\/\",\"name\":\"Privacy Policy - FDstore\",\"isPartOf\":{\"@id\":\"https:\/\/fdstore.com\/en\/#website\"},\"datePublished\":\"2024-08-28T07:48:29+00:00\",\"dateModified\":\"2025-03-07T16:02:18+00:00\",\"breadcrumb\":{\"@id\":\"https:\/\/fdstore.com\/en\/privacy-policy\/#breadcrumb\"},\"inLanguage\":\"en-US\",\"potentialAction\":[{\"@type\":\"ReadAction\",\"target\":[\"https:\/\/fdstore.com\/en\/privacy-policy\/\"]}]},{\"@type\":\"BreadcrumbList\",\"@id\":\"https:\/\/fdstore.com\/en\/privacy-policy\/#breadcrumb\",\"itemListElement\":[{\"@type\":\"ListItem\",\"position\":1,\"name\":\"Home\",\"item\":\"https:\/\/fdstore.com\/en\/\"},{\"@type\":\"ListItem\",\"position\":2,\"name\":\"Privacy Policy\"}]},{\"@type\":\"WebSite\",\"@id\":\"https:\/\/fdstore.com\/en\/#website\",\"url\":\"https:\/\/fdstore.com\/en\/\",\"name\":\"FDstore\",\"description\":\"Macchinari, ingredienti e packaging per il mondo lattiero caseario\",\"publisher\":{\"@id\":\"https:\/\/fdstore.com\/en\/#organization\"},\"potentialAction\":[{\"@type\":\"SearchAction\",\"target\":{\"@type\":\"EntryPoint\",\"urlTemplate\":\"https:\/\/fdstore.com\/en\/?s={search_term_string}\"},\"query-input\":{\"@type\":\"PropertyValueSpecification\",\"valueRequired\":true,\"valueName\":\"search_term_string\"}}],\"inLanguage\":\"en-US\"},{\"@type\":\"Organization\",\"@id\":\"https:\/\/fdstore.com\/en\/#organization\",\"name\":\"FDstore\",\"url\":\"https:\/\/fdstore.com\/en\/\",\"logo\":{\"@type\":\"ImageObject\",\"inLanguage\":\"en-US\",\"@id\":\"https:\/\/fdstore.com\/en\/#\/schema\/logo\/image\/\",\"url\":\"https:\/\/fdstore.com\/wp-content\/uploads\/2024\/12\/LOGO_270.png\",\"contentUrl\":\"https:\/\/fdstore.com\/wp-content\/uploads\/2024\/12\/LOGO_270.png\",\"width\":270,\"height\":270,\"caption\":\"FDstore\"},\"image\":{\"@id\":\"https:\/\/fdstore.com\/en\/#\/schema\/logo\/image\/\"},\"sameAs\":[\"https:\/\/fb.com\/FDstore\",\"https:\/\/instagram.com\/fdstore_it\",\"https:\/\/www.linkedin.com\/company\/fdstore\",\"https:\/\/youtube.com\/FDstore\",\"https:\/\/wa.me\/393346380059\"]}]}<\/script>\n<!-- \/ Yoast SEO plugin. -->","yoast_head_json":{"title":"Privacy Policy - FDstore","robots":{"index":"index","follow":"follow","max-snippet":"max-snippet:-1","max-image-preview":"max-image-preview:large","max-video-preview":"max-video-preview:-1"},"canonical":"https:\/\/fdstore.com\/en\/privacy-policy\/","og_locale":"en_US","og_type":"article","og_title":"Privacy Policy - FDstore","og_url":"https:\/\/fdstore.com\/en\/privacy-policy\/","og_site_name":"FDstore","article_publisher":"https:\/\/fb.com\/FDstore","article_modified_time":"2025-03-07T16:02:18+00:00","twitter_card":"summary_large_image","schema":{"@context":"https:\/\/schema.org","@graph":[{"@type":"WebPage","@id":"https:\/\/fdstore.com\/en\/privacy-policy\/","url":"https:\/\/fdstore.com\/en\/privacy-policy\/","name":"Privacy Policy - FDstore","isPartOf":{"@id":"https:\/\/fdstore.com\/en\/#website"},"datePublished":"2024-08-28T07:48:29+00:00","dateModified":"2025-03-07T16:02:18+00:00","breadcrumb":{"@id":"https:\/\/fdstore.com\/en\/privacy-policy\/#breadcrumb"},"inLanguage":"en-US","potentialAction":[{"@type":"ReadAction","target":["https:\/\/fdstore.com\/en\/privacy-policy\/"]}]},{"@type":"BreadcrumbList","@id":"https:\/\/fdstore.com\/en\/privacy-policy\/#breadcrumb","itemListElement":[{"@type":"ListItem","position":1,"name":"Home","item":"https:\/\/fdstore.com\/en\/"},{"@type":"ListItem","position":2,"name":"Privacy Policy"}]},{"@type":"WebSite","@id":"https:\/\/fdstore.com\/en\/#website","url":"https:\/\/fdstore.com\/en\/","name":"FDstore","description":"Macchinari, ingredienti e packaging per il mondo lattiero caseario","publisher":{"@id":"https:\/\/fdstore.com\/en\/#organization"},"potentialAction":[{"@type":"SearchAction","target":{"@type":"EntryPoint","urlTemplate":"https:\/\/fdstore.com\/en\/?s={search_term_string}"},"query-input":{"@type":"PropertyValueSpecification","valueRequired":true,"valueName":"search_term_string"}}],"inLanguage":"en-US"},{"@type":"Organization","@id":"https:\/\/fdstore.com\/en\/#organization","name":"FDstore","url":"https:\/\/fdstore.com\/en\/","logo":{"@type":"ImageObject","inLanguage":"en-US","@id":"https:\/\/fdstore.com\/en\/#\/schema\/logo\/image\/","url":"https:\/\/fdstore.com\/wp-content\/uploads\/2024\/12\/LOGO_270.png","contentUrl":"https:\/\/fdstore.com\/wp-content\/uploads\/2024\/12\/LOGO_270.png","width":270,"height":270,"caption":"FDstore"},"image":{"@id":"https:\/\/fdstore.com\/en\/#\/schema\/logo\/image\/"},"sameAs":["https:\/\/fb.com\/FDstore","https:\/\/instagram.com\/fdstore_it","https:\/\/www.linkedin.com\/company\/fdstore","https:\/\/youtube.com\/FDstore","https:\/\/wa.me\/393346380059"]}]}},"_links":{"self":[{"href":"https:\/\/fdstore.com\/en\/wp-json\/wp\/v2\/pages\/5347","targetHints":{"allow":["GET"]}}],"collection":[{"href":"https:\/\/fdstore.com\/en\/wp-json\/wp\/v2\/pages"}],"about":[{"href":"https:\/\/fdstore.com\/en\/wp-json\/wp\/v2\/types\/page"}],"author":[{"embeddable":true,"href":"https:\/\/fdstore.com\/en\/wp-json\/wp\/v2\/users\/1"}],"replies":[{"embeddable":true,"href":"https:\/\/fdstore.com\/en\/wp-json\/wp\/v2\/comments?post=5347"}],"version-history":[{"count":0,"href":"https:\/\/fdstore.com\/en\/wp-json\/wp\/v2\/pages\/5347\/revisions"}],"wp:attachment":[{"href":"https:\/\/fdstore.com\/en\/wp-json\/wp\/v2\/media?parent=5347"}],"curies":[{"name":"wp","href":"https:\/\/api.w.org\/{rel}","templated":true}]}}